{"id":185767,"date":"2021-03-09T09:00:12","date_gmt":"2021-03-09T09:00:12","guid":{"rendered":"https:\/\/studio.sammode.com\/nos-partenaires\/"},"modified":"2025-04-10T15:17:22","modified_gmt":"2025-04-10T15:17:22","slug":"our-partners","status":"publish","type":"page","link":"https:\/\/studio.sammode.com\/en\/our-partners\/","title":{"rendered":"Our online sales outlets"},"content":{"rendered":"\n<div class=\"wp-block-kft-block-image-box kft-styles-d9f746e2 kft-image-box sw-descp-part\"><div class=\"kft-image-box__image\"><div class=\"kft-image-box__image-inner\"><img  loading=\"lazy\"  decoding=\"async\"  width=\"250\"  height=\"76\"  class=\"kft-image-box__image-img wp-image-19237 kft-lazyload\"  src=\"data:image\/png;base64,iVBORw0KGgoAAAANSUhEUgAAAAEAAAABAQMAAAAl21bKAAAAA1BMVEUAAP+KeNJXAAAAAXRSTlMAQObYZgAAAAlwSFlzAAAOxAAADsQBlSsOGwAAAApJREFUCNdjYAAAAAIAAeIhvDMAAAAASUVORK5CYII=\"  alt=\"image-box\"  data-kft-sizes=\"auto\"  data-ls-sizes=\"auto, (max-width: 250px) 100vw, 250px\"  data-kft-src=\"https:\/\/studio.sammode.com\/wp-content\/uploads\/2021\/07\/LogoNedgis.png\"  data-kft-srcset=\"https:\/\/studio.sammode.com\/wp-content\/uploads\/2021\/07\/LogoNedgis.png 250w, https:\/\/studio.sammode.com\/wp-content\/uploads\/2021\/07\/LogoNedgis-80x24.png 80w\" ><\/div><\/div><div class=\"kft-image-box__content\"><div class=\"kft-image-box__content-inner\">\n<div class=\"wp-block-kft-block-heading kft-heading-block kft-styles-7f364309\"><div class=\"kft-heading-block__inner\"><\/div><\/div>\n\n\n\n<p>Lovers of design, product scouts and talent, they are passionate about beautiful objects and interior design. The world of LIGHTING is at the heart of this reality: a functional object by its very nature, lighting also reveals the moods, atmospheres and aesthetics of our interiors. With NEDGIS (an anagram of DESIGN and SIGNED), their aim is to help you discover the world of design through lighting.<\/p>\n\n\n\n<div class=\"wp-block-button alignright\"><a class=\"wp-block-button__link wp-element-button\" href=\"https:\/\/www.nedgis.com\/brands\/sammode\" target=\"_blank\" rel=\"noreferrer noopener nofollow\">See the website<\/a><\/div>\n\n\n\n<div class=\"wp-block-kft-block-divider kft-divider kft-styles-db706e1d\"><div class=\"kft-divider__inner\"><\/div><\/div>\n<\/div><\/div><\/div>\n\n\n\n<div class=\"wp-block-kft-block-image-box kft-styles-b8b55f84 kft-image-box sw-descp-part\"><div class=\"kft-image-box__image\"><div class=\"kft-image-box__image-inner\"><img  loading=\"lazy\"  decoding=\"async\"  width=\"390\"  height=\"129\"  class=\"kft-image-box__image-img wp-image-19239 kft-lazyload\"  src=\"data:image\/png;base64,iVBORw0KGgoAAAANSUhEUgAAAAEAAAABAQMAAAAl21bKAAAAA1BMVEUAAP+KeNJXAAAAAXRSTlMAQObYZgAAAAlwSFlzAAAOxAAADsQBlSsOGwAAAApJREFUCNdjYAAAAAIAAeIhvDMAAAAASUVORK5CYII=\"  alt=\"image-box\"  data-kft-sizes=\"auto\"  data-ls-sizes=\"auto, (max-width: 390px) 100vw, 390px\"  data-kft-src=\"https:\/\/studio.sammode.com\/wp-content\/uploads\/2021\/07\/LogoMadeindesign.png\"  data-kft-srcset=\"https:\/\/studio.sammode.com\/wp-content\/uploads\/2021\/07\/LogoMadeindesign.png 390w, https:\/\/studio.sammode.com\/wp-content\/uploads\/2021\/07\/LogoMadeindesign-300x99.png 300w, https:\/\/studio.sammode.com\/wp-content\/uploads\/2021\/07\/LogoMadeindesign-80x26.png 80w\" ><\/div><\/div><div class=\"kft-image-box__content\"><div class=\"kft-image-box__content-inner\">\n<div class=\"wp-block-kft-block-heading kft-heading-block kft-styles-b58c4908\"><div class=\"kft-heading-block__inner\"><p class=\"kft-heading-block__content\">With its dual expertise in digital and design, Made In Design offers a unique customer experience. It is now the international benchmark for online design. Discovering, selecting, transmitting, inspiring and advising: Made In Design meets all your needs and desires.<\/p><\/div><\/div>\n\n\n\n<div class=\"wp-block-button alignright\"><a class=\"wp-block-button__link wp-element-button\" href=\"https:\/\/www.madeindesign.com\/b-sammode-studio.html\" target=\"_blank\" rel=\"noreferrer noopener nofollow\">See the website<\/a><\/div>\n\n\n\n<div class=\"wp-block-kft-block-divider kft-divider kft-styles-d577bdb8\"><div class=\"kft-divider__inner\"><\/div><\/div>\n\n\n\n<figure class=\"wp-block-image size-large\"><img  loading=\"lazy\"  decoding=\"async\"  width=\"585\"  height=\"156\"  src=\"data:image\/png;base64,iVBORw0KGgoAAAANSUhEUgAAAAEAAAABAQMAAAAl21bKAAAAA1BMVEUAAP+KeNJXAAAAAXRSTlMAQObYZgAAAAlwSFlzAAAOxAAADsQBlSsOGwAAAApJREFUCNdjYAAAAAIAAeIhvDMAAAAASUVORK5CYII=\"  alt=\"\"  class=\"wp-image-19241 kft-lazyload\"  data-kft-sizes=\"auto\"  data-ls-sizes=\"auto, (max-width: 585px) 100vw, 585px\"  data-kft-src=\"https:\/\/studio.sammode.com\/wp-content\/uploads\/2021\/07\/logoLightonline.jpg\"  data-kft-srcset=\"https:\/\/studio.sammode.com\/wp-content\/uploads\/2021\/07\/logoLightonline.jpg 585w, https:\/\/studio.sammode.com\/wp-content\/uploads\/2021\/07\/logoLightonline-300x80.jpg 300w, https:\/\/studio.sammode.com\/wp-content\/uploads\/2021\/07\/logoLightonline-80x21.jpg 80w, https:\/\/studio.sammode.com\/wp-content\/uploads\/2021\/07\/logoLightonline-550x147.jpg 550w\" ><\/figure>\n\n\n\n<p class=\"has-text-align-left\">This small Parisian start-up, a pure player in design, ranks among the top e-commerce sites in France. With their passion, high standards and expertise, the whole team is here to answer your questions and advise you on lighting. Lighting is the ultimate decorative element! It attracts the eye and sets the tone.<\/p>\n<\/div><\/div><\/div>\n\n\n\n<div class=\"wp-block-buttons is-horizontal is-content-justification-right is-layout-flex wp-container-core-buttons-is-layout-ae2fe186 wp-block-buttons-is-layout-flex\">\n<div class=\"wp-block-button\"><a class=\"wp-block-button__link wp-element-button\" href=\"https:\/\/www.lightonline.fr\/sammode-m-249.htm\" target=\"_blank\" rel=\"noreferrer noopener nofollow\">See the website<\/a><\/div>\n<\/div>\n\n\n\n<div class=\"wp-block-kft-block-divider kft-divider kft-styles-a11cef0a\"><div class=\"kft-divider__inner\"><\/div><\/div>\n\n\n\n<div class=\"wp-block-kft-block-image-box kft-styles-1c698495 kft-image-box sw-descp-part\"><div class=\"kft-image-box__image\"><div class=\"kft-image-box__image-inner\"><img  loading=\"lazy\"  decoding=\"async\"  width=\"147\"  height=\"173\"  class=\"kft-image-box__image-img wp-image-19243 kft-lazyload\"  src=\"data:image\/png;base64,iVBORw0KGgoAAAANSUhEUgAAAAEAAAABAQMAAAAl21bKAAAAA1BMVEUAAP+KeNJXAAAAAXRSTlMAQObYZgAAAAlwSFlzAAAOxAAADsQBlSsOGwAAAApJREFUCNdjYAAAAAIAAeIhvDMAAAAASUVORK5CYII=\"  alt=\"image-box\"  data-kft-sizes=\"auto\"  data-ls-sizes=\"auto, (max-width: 147px) 100vw, 147px\"  data-kft-src=\"https:\/\/studio.sammode.com\/wp-content\/uploads\/2021\/07\/LogoScandinaviaDesin.jpg\"  data-kft-srcset=\"https:\/\/studio.sammode.com\/wp-content\/uploads\/2021\/07\/LogoScandinaviaDesin.jpg 147w, https:\/\/studio.sammode.com\/wp-content\/uploads\/2021\/07\/LogoScandinaviaDesin-80x94.jpg 80w, https:\/\/studio.sammode.com\/wp-content\/uploads\/2021\/07\/LogoScandinaviaDesin-68x80.jpg 68w\" ><\/div><\/div><div class=\"kft-image-box__content\"><div class=\"kft-image-box__content-inner\">\n<div class=\"wp-block-kft-block-heading kft-heading-block kft-styles-3d4f8edd\"><div class=\"kft-heading-block__inner\"><p class=\"kft-heading-block__content\">Scandinavia design has been dedicated to Scandinavian design in all its forms since 2007: furniture, lighting, fabrics, tableware&#8230; We also work with a number of brands that combine aesthetics and quality\/design standards.<\/p><\/div><\/div>\n\n\n\n<div class=\"wp-block-button alignright\"><a class=\"wp-block-button__link wp-element-button\" href=\"https:\/\/www.scandinavia-design.fr\/\" target=\"_blank\" rel=\"noreferrer noopener nofollow\">See the website<\/a><\/div>\n\n\n\n<div class=\"wp-block-kft-block-divider kft-divider kft-styles-b9d9b97e\"><div class=\"kft-divider__inner\"><\/div><\/div>\n\n\n<div class=\"wp-block-image\">\n<figure class=\"aligncenter size-full is-resized\"><img  loading=\"lazy\"  decoding=\"async\"  width=\"770\"  height=\"317\"  src=\"data:image\/png;base64,iVBORw0KGgoAAAANSUhEUgAAAAEAAAABAQMAAAAl21bKAAAAA1BMVEUAAP+KeNJXAAAAAXRSTlMAQObYZgAAAAlwSFlzAAAOxAAADsQBlSsOGwAAAApJREFUCNdjYAAAAAIAAeIhvDMAAAAASUVORK5CYII=\"  alt=\"\"  class=\"wp-image-185739 kft-lazyload\"  style=\"width:308px;height:auto\"  data-kft-sizes=\"auto\"  data-ls-sizes=\"auto, (max-width: 770px) 100vw, 770px\"  data-kft-src=\"https:\/\/studio.sammode.com\/wp-content\/uploads\/2025\/04\/Capture-decran-2025-04-10-163245.png\"  data-kft-srcset=\"https:\/\/studio.sammode.com\/wp-content\/uploads\/2025\/04\/Capture-decran-2025-04-10-163245.png 770w, https:\/\/studio.sammode.com\/wp-content\/uploads\/2025\/04\/Capture-decran-2025-04-10-163245-300x124.png 300w, https:\/\/studio.sammode.com\/wp-content\/uploads\/2025\/04\/Capture-decran-2025-04-10-163245-768x316.png 768w, https:\/\/studio.sammode.com\/wp-content\/uploads\/2025\/04\/Capture-decran-2025-04-10-163245-80x33.png 80w, https:\/\/studio.sammode.com\/wp-content\/uploads\/2025\/04\/Capture-decran-2025-04-10-163245-550x226.png 550w\" ><\/figure><\/div>\n\n\n<p>La Lumi\u00e8re carefully selects indoor and outdoor lighting fixtures that combine design and durable materials to enhance any space and create a made-to-measure atmosphere.<\/p>\n\n\n\n<div class=\"wp-block-button alignright\"><a class=\"wp-block-button__link wp-element-button\" href=\"https:\/\/la-lumiere.shop\/\" target=\"_blank\" rel=\"noreferrer noopener nofollow\">See the website<\/a><\/div>\n\n\n\n<div class=\"wp-block-kft-block-divider kft-divider kft-styles-7bd1dd70\"><div class=\"kft-divider__inner\"><\/div><\/div>\n\n\n\n<figure class=\"wp-block-image size-large\"><img  loading=\"lazy\"  decoding=\"async\"  width=\"200\"  height=\"200\"  src=\"data:image\/png;base64,iVBORw0KGgoAAAANSUhEUgAAAAEAAAABAQMAAAAl21bKAAAAA1BMVEUAAP+KeNJXAAAAAXRSTlMAQObYZgAAAAlwSFlzAAAOxAAADsQBlSsOGwAAAApJREFUCNdjYAAAAAIAAeIhvDMAAAAASUVORK5CYII=\"  alt=\"\"  class=\"wp-image-19247 kft-lazyload\"  data-kft-sizes=\"auto\"  data-ls-sizes=\"auto, (max-width: 200px) 100vw, 200px\"  data-kft-src=\"https:\/\/studio.sammode.com\/wp-content\/uploads\/2021\/07\/logoAsteri.png\"  data-kft-srcset=\"https:\/\/studio.sammode.com\/wp-content\/uploads\/2021\/07\/logoAsteri.png 200w, https:\/\/studio.sammode.com\/wp-content\/uploads\/2021\/07\/logoAsteri-150x150.png 150w, https:\/\/studio.sammode.com\/wp-content\/uploads\/2021\/07\/logoAsteri-80x80.png 80w, https:\/\/studio.sammode.com\/wp-content\/uploads\/2021\/07\/logoAsteri-100x100.png 100w\" ><\/figure>\n\n\n\n<p class=\"has-text-align-left\">Asteri is the leader and benchmark in functional and decorative lighting, offering the finest design brands and the best advice on lighting and LED lighting. It provides lighting for electrical installation professionals, companies and architects, as well as interior designers and private individuals.<\/p>\n\n\n\n<div class=\"wp-block-button alignright\"><a class=\"wp-block-button__link wp-element-button\" href=\"https:\/\/www.asteri.fr\/marks\/profil\/index\/id\/22\/\" target=\"_blank\" rel=\"noreferrer noopener nofollow\">See the website<\/a><\/div>\n\n\n\n<div class=\"wp-block-kft-block-divider kft-divider kft-styles-e4a39cae\"><div class=\"kft-divider__inner\"><\/div><\/div>\n\n\n\n<figure class=\"wp-block-image size-large\"><img  loading=\"lazy\"  decoding=\"async\"  width=\"213\"  height=\"148\"  src=\"data:image\/png;base64,iVBORw0KGgoAAAANSUhEUgAAAAEAAAABAQMAAAAl21bKAAAAA1BMVEUAAP+KeNJXAAAAAXRSTlMAQObYZgAAAAlwSFlzAAAOxAAADsQBlSsOGwAAAApJREFUCNdjYAAAAAIAAeIhvDMAAAAASUVORK5CYII=\"  alt=\"\"  class=\"wp-image-19249 kft-lazyload\"  data-kft-sizes=\"auto\"  data-ls-sizes=\"auto, (max-width: 213px) 100vw, 213px\"  data-kft-src=\"https:\/\/studio.sammode.com\/wp-content\/uploads\/2021\/07\/LogoLeCedreRouge.png\"  data-kft-srcset=\"https:\/\/studio.sammode.com\/wp-content\/uploads\/2021\/07\/LogoLeCedreRouge.png 213w, https:\/\/studio.sammode.com\/wp-content\/uploads\/2021\/07\/LogoLeCedreRouge-80x56.png 80w\" ><\/figure>\n\n\n\n<p class=\"has-text-align-left\">Founded in 1985 a stone&#8217;s throw from the Th\u00e9\u00e2tre du Ch\u00e2telet, Le C\u00e8dre Rouge, a specialist in furnishings and decoration, blurs the boundaries between indoors and outdoors with naturally elegant products and bold collections.<\/p>\n\n\n\n<div class=\"wp-block-button alignright\"><a class=\"wp-block-button__link wp-element-button\" href=\"https:\/\/www.lecedrerouge.com\/marques\/sammode\" target=\"_blank\" rel=\"noreferrer noopener nofollow\">See the website<\/a><\/div>\n\n\n\n<div class=\"wp-block-kft-block-divider kft-divider kft-styles-29d261a3\"><div class=\"kft-divider__inner\"><\/div><\/div>\n\n\n\n<figure class=\"wp-block-image size-large\"><img  loading=\"lazy\"  decoding=\"async\"  width=\"397\"  height=\"236\"  src=\"data:image\/png;base64,iVBORw0KGgoAAAANSUhEUgAAAAEAAAABAQMAAAAl21bKAAAAA1BMVEUAAP+KeNJXAAAAAXRSTlMAQObYZgAAAAlwSFlzAAAOxAAADsQBlSsOGwAAAApJREFUCNdjYAAAAAIAAeIhvDMAAAAASUVORK5CYII=\"  alt=\"\"  class=\"wp-image-19251 kft-lazyload\"  data-kft-sizes=\"auto\"  data-ls-sizes=\"auto, (max-width: 397px) 100vw, 397px\"  data-kft-src=\"https:\/\/studio.sammode.com\/wp-content\/uploads\/2021\/07\/LogoChiaraColombini.jpg\"  data-kft-srcset=\"https:\/\/studio.sammode.com\/wp-content\/uploads\/2021\/07\/LogoChiaraColombini.jpg 397w, https:\/\/studio.sammode.com\/wp-content\/uploads\/2021\/07\/LogoChiaraColombini-300x178.jpg 300w, https:\/\/studio.sammode.com\/wp-content\/uploads\/2021\/07\/LogoChiaraColombini-80x48.jpg 80w\" ><\/figure>\n\n\n\n<p class=\"has-text-align-left\">From established brands to young designers and exclusive creations, we unearth the very best in contemporary design. An interior, like a poem, should move, inspire and make you dream. In the words of Madeleine Castaing, \u2018I make houses like others write poems&#8230;\u2019. Any room can become exceptional with two key ingredients: a thoughtful use of colour and a few carefully chosen objects, whether furniture, lighting or accessories.<\/p>\n\n\n\n<div class=\"wp-block-button alignright\"><a class=\"wp-block-button__link wp-element-button\" href=\"https:\/\/www.chiaracolombini.com\/fr\/content\/56-sammode.html\">See the website<\/a><\/div>\n\n\n\n<div class=\"wp-block-kft-block-divider kft-divider kft-styles-55adef5d\"><div class=\"kft-divider__inner\"><\/div><\/div>\n<\/div><\/div><\/div>\n\n\n\n<div class=\"wp-block-kft-block-image-box kft-styles-88bb2fff kft-image-box sw-descp-part\"><div class=\"kft-image-box__image\"><div class=\"kft-image-box__image-inner\"><img  loading=\"lazy\"  decoding=\"async\"  width=\"702\"  height=\"85\"  class=\"kft-image-box__image-img wp-image-19253 kft-lazyload\"  src=\"data:image\/png;base64,iVBORw0KGgoAAAANSUhEUgAAAAEAAAABAQMAAAAl21bKAAAAA1BMVEUAAP+KeNJXAAAAAXRSTlMAQObYZgAAAAlwSFlzAAAOxAAADsQBlSsOGwAAAApJREFUCNdjYAAAAAIAAeIhvDMAAAAASUVORK5CYII=\"  alt=\"image-box\"  data-kft-sizes=\"auto\"  data-ls-sizes=\"auto, (max-width: 702px) 100vw, 702px\"  data-kft-src=\"https:\/\/studio.sammode.com\/wp-content\/uploads\/2021\/07\/LogothecoolRepublic.jpg\"  data-kft-srcset=\"https:\/\/studio.sammode.com\/wp-content\/uploads\/2021\/07\/LogothecoolRepublic.jpg 702w, https:\/\/studio.sammode.com\/wp-content\/uploads\/2021\/07\/LogothecoolRepublic-300x36.jpg 300w, https:\/\/studio.sammode.com\/wp-content\/uploads\/2021\/07\/LogothecoolRepublic-80x10.jpg 80w, https:\/\/studio.sammode.com\/wp-content\/uploads\/2021\/07\/LogothecoolRepublic-550x67.jpg 550w\" ><\/div><\/div><div class=\"kft-image-box__content\"><div class=\"kft-image-box__content-inner\">\n<div class=\"wp-block-kft-block-heading kft-heading-block kft-styles-cf7e4df2\"><div class=\"kft-heading-block__inner\"><p class=\"kft-heading-block__content\">The Cool Republic is a concept store dedicated to design, beautiful and unique objects in the world of decoration and lifestyle. The principle is simple: go for what you love, but don&#8217;t go for anything else!<\/p><\/div><\/div>\n\n\n\n<div class=\"wp-block-button alignright\"><a class=\"wp-block-button__link wp-element-button\" href=\"https:\/\/www.thecoolrepublic.com\/marque-sammode\">See the website<\/a><\/div>\n<\/div><\/div><\/div>\n","protected":false},"excerpt":{"rendered":"","protected":false},"author":1,"featured_media":0,"parent":0,"menu_order":0,"comment_status":"closed","ping_status":"closed","template":"","meta":{"_acf_changed":false,"footnotes":""},"class_list":["post-185767","page","type-page","status-publish","hentry"],"acf":[],"yoast_head":"<!-- This site is optimized with the Yoast SEO plugin v26.4 - https:\/\/yoast.com\/wordpress\/plugins\/seo\/ -->\n<title>Partenaires | Luminaires Sammode Studio<\/title>\n<meta name=\"description\" content=\"D\u00e9couvrez la liste des partenaires et points de vente en ligne des luminaires et \u00e9clairages Sammode Studio. NEDGIS, Made In Design, Lightonline, Scandinavia design, BHV, Ast\u00e9ri, Le C\u00e8dre Rouge etc.\" \/>\n<meta name=\"robots\" content=\"index, follow, max-snippet:-1, max-image-preview:large, max-video-preview:-1\" \/>\n<link rel=\"canonical\" href=\"https:\/\/studio.sammode.com\/en\/our-partners\/\" \/>\n<meta property=\"og:locale\" content=\"en_US\" \/>\n<meta property=\"og:type\" content=\"article\" \/>\n<meta property=\"og:title\" content=\"Partenaires | Luminaires Sammode Studio\" \/>\n<meta property=\"og:description\" content=\"D\u00e9couvrez la liste des partenaires et points de vente en ligne des luminaires et \u00e9clairages Sammode Studio. NEDGIS, Made In Design, Lightonline, Scandinavia design, BHV, Ast\u00e9ri, Le C\u00e8dre Rouge etc.\" \/>\n<meta property=\"og:url\" content=\"https:\/\/studio.sammode.com\/en\/our-partners\/\" \/>\n<meta property=\"og:site_name\" content=\"Sammode Studio\" \/>\n<meta property=\"article:modified_time\" content=\"2025-04-10T15:17:22+00:00\" \/>\n<meta property=\"og:image\" content=\"https:\/\/studio.sammode.com\/wp-content\/uploads\/2021\/07\/LogoNedgis.png\" \/>\n<meta name=\"twitter:card\" content=\"summary_large_image\" \/>\n<meta name=\"twitter:label1\" content=\"Est. reading time\" \/>\n\t<meta name=\"twitter:data1\" content=\"4 minutes\" \/>\n<script type=\"application\/ld+json\" class=\"yoast-schema-graph\">{\"@context\":\"https:\/\/schema.org\",\"@graph\":[{\"@type\":\"Product\",\"@id\":\"https:\/\/studio.sammode.com\/en\/our-partners\/\",\"url\":\"https:\/\/studio.sammode.com\/en\/our-partners\/\",\"name\":\"Partenaires | Luminaires Sammode Studio\",\"isPartOf\":{\"@id\":\"https:\/\/studio.sammode.com\/#website\"},\"primaryImageOfPage\":{\"@id\":\"https:\/\/studio.sammode.com\/en\/our-partners\/#primaryimage\"},\"image\":{\"@id\":\"https:\/\/studio.sammode.com\/en\/our-partners\/#primaryimage\"},\"thumbnailUrl\":\"https:\/\/studio.sammode.com\/wp-content\/uploads\/2021\/07\/LogoNedgis.png\",\"datePublished\":\"2021-03-09T09:00:12+00:00\",\"dateModified\":\"2025-04-10T15:17:22+00:00\",\"description\":\"D\u00e9couvrez la liste des partenaires et points de vente en ligne des luminaires et \u00e9clairages Sammode Studio. NEDGIS, Made In Design, Lightonline, Scandinavia design, BHV, Ast\u00e9ri, Le C\u00e8dre Rouge etc.\",\"breadcrumb\":{\"@id\":\"https:\/\/studio.sammode.com\/en\/our-partners\/#breadcrumb\"},\"inLanguage\":\"en-US\",\"potentialAction\":[{\"@type\":\"ReadAction\",\"target\":[\"https:\/\/studio.sammode.com\/en\/our-partners\/\"]}]},{\"@type\":\"ImageObject\",\"inLanguage\":\"en-US\",\"@id\":\"https:\/\/studio.sammode.com\/en\/our-partners\/#primaryimage\",\"url\":\"https:\/\/studio.sammode.com\/wp-content\/uploads\/2021\/07\/LogoNedgis.png\",\"contentUrl\":\"https:\/\/studio.sammode.com\/wp-content\/uploads\/2021\/07\/LogoNedgis.png\"},{\"@type\":\"BreadcrumbList\",\"@id\":\"https:\/\/studio.sammode.com\/en\/our-partners\/#breadcrumb\",\"itemListElement\":[{\"@type\":\"ListItem\",\"position\":1,\"name\":\"Home\",\"item\":\"https:\/\/studio.sammode.com\/en\/\"},{\"@type\":\"ListItem\",\"position\":2,\"name\":\"Our online sales outlets\"}]},{\"@type\":\"WebSite\",\"@id\":\"https:\/\/studio.sammode.com\/#website\",\"url\":\"https:\/\/studio.sammode.com\/\",\"name\":\"Sammode Studio\",\"description\":\"Sammode Studio | E-Shop\",\"publisher\":{\"@id\":\"https:\/\/studio.sammode.com\/#organization\"},\"potentialAction\":[{\"@type\":\"SearchAction\",\"target\":{\"@type\":\"EntryPoint\",\"urlTemplate\":\"https:\/\/studio.sammode.com\/?s={search_term_string}\"},\"query-input\":{\"@type\":\"PropertyValueSpecification\",\"valueRequired\":true,\"valueName\":\"search_term_string\"}}],\"inLanguage\":\"en-US\"},{\"@type\":\"Organization\",\"@id\":\"https:\/\/studio.sammode.com\/#organization\",\"name\":\"Sammode Studio\",\"url\":\"https:\/\/studio.sammode.com\/\",\"logo\":{\"@type\":\"ImageObject\",\"inLanguage\":\"en-US\",\"@id\":\"https:\/\/studio.sammode.com\/#\/schema\/logo\/image\/\",\"url\":\"https:\/\/studio.sammode.com\/wp-content\/uploads\/2021\/07\/cropped-Studeio-Sammode-logo.png\",\"contentUrl\":\"https:\/\/studio.sammode.com\/wp-content\/uploads\/2021\/07\/cropped-Studeio-Sammode-logo.png\",\"width\":512,\"height\":512,\"caption\":\"Sammode Studio\"},\"image\":{\"@id\":\"https:\/\/studio.sammode.com\/#\/schema\/logo\/image\/\"}}]}<\/script>\n<!-- \/ Yoast SEO plugin. -->","yoast_head_json":{"title":"Partenaires | Luminaires Sammode Studio","description":"D\u00e9couvrez la liste des partenaires et points de vente en ligne des luminaires et \u00e9clairages Sammode Studio. NEDGIS, Made In Design, Lightonline, Scandinavia design, BHV, Ast\u00e9ri, Le C\u00e8dre Rouge etc.","robots":{"index":"index","follow":"follow","max-snippet":"max-snippet:-1","max-image-preview":"max-image-preview:large","max-video-preview":"max-video-preview:-1"},"canonical":"https:\/\/studio.sammode.com\/en\/our-partners\/","og_locale":"en_US","og_type":"article","og_title":"Partenaires | Luminaires Sammode Studio","og_description":"D\u00e9couvrez la liste des partenaires et points de vente en ligne des luminaires et \u00e9clairages Sammode Studio. NEDGIS, Made In Design, Lightonline, Scandinavia design, BHV, Ast\u00e9ri, Le C\u00e8dre Rouge etc.","og_url":"https:\/\/studio.sammode.com\/en\/our-partners\/","og_site_name":"Sammode Studio","article_modified_time":"2025-04-10T15:17:22+00:00","og_image":[{"url":"https:\/\/studio.sammode.com\/wp-content\/uploads\/2021\/07\/LogoNedgis.png","type":"","width":"","height":""}],"twitter_card":"summary_large_image","twitter_misc":{"Est. reading time":"4 minutes"},"schema":{"@context":"https:\/\/schema.org","@graph":[{"@type":"Product","@id":"https:\/\/studio.sammode.com\/en\/our-partners\/","url":"https:\/\/studio.sammode.com\/en\/our-partners\/","name":"Partenaires | Luminaires Sammode Studio","isPartOf":{"@id":"https:\/\/studio.sammode.com\/#website"},"primaryImageOfPage":{"@id":"https:\/\/studio.sammode.com\/en\/our-partners\/#primaryimage"},"image":{"@id":"https:\/\/studio.sammode.com\/en\/our-partners\/#primaryimage"},"thumbnailUrl":"https:\/\/studio.sammode.com\/wp-content\/uploads\/2021\/07\/LogoNedgis.png","datePublished":"2021-03-09T09:00:12+00:00","dateModified":"2025-04-10T15:17:22+00:00","description":"D\u00e9couvrez la liste des partenaires et points de vente en ligne des luminaires et \u00e9clairages Sammode Studio. NEDGIS, Made In Design, Lightonline, Scandinavia design, BHV, Ast\u00e9ri, Le C\u00e8dre Rouge etc.","breadcrumb":{"@id":"https:\/\/studio.sammode.com\/en\/our-partners\/#breadcrumb"},"inLanguage":"en-US","potentialAction":[{"@type":"ReadAction","target":["https:\/\/studio.sammode.com\/en\/our-partners\/"]}]},{"@type":"ImageObject","inLanguage":"en-US","@id":"https:\/\/studio.sammode.com\/en\/our-partners\/#primaryimage","url":"https:\/\/studio.sammode.com\/wp-content\/uploads\/2021\/07\/LogoNedgis.png","contentUrl":"https:\/\/studio.sammode.com\/wp-content\/uploads\/2021\/07\/LogoNedgis.png"},{"@type":"BreadcrumbList","@id":"https:\/\/studio.sammode.com\/en\/our-partners\/#breadcrumb","itemListElement":[{"@type":"ListItem","position":1,"name":"Home","item":"https:\/\/studio.sammode.com\/en\/"},{"@type":"ListItem","position":2,"name":"Our online sales outlets"}]},{"@type":"WebSite","@id":"https:\/\/studio.sammode.com\/#website","url":"https:\/\/studio.sammode.com\/","name":"Sammode Studio","description":"Sammode Studio | E-Shop","publisher":{"@id":"https:\/\/studio.sammode.com\/#organization"},"potentialAction":[{"@type":"SearchAction","target":{"@type":"EntryPoint","urlTemplate":"https:\/\/studio.sammode.com\/?s={search_term_string}"},"query-input":{"@type":"PropertyValueSpecification","valueRequired":true,"valueName":"search_term_string"}}],"inLanguage":"en-US"},{"@type":"Organization","@id":"https:\/\/studio.sammode.com\/#organization","name":"Sammode Studio","url":"https:\/\/studio.sammode.com\/","logo":{"@type":"ImageObject","inLanguage":"en-US","@id":"https:\/\/studio.sammode.com\/#\/schema\/logo\/image\/","url":"https:\/\/studio.sammode.com\/wp-content\/uploads\/2021\/07\/cropped-Studeio-Sammode-logo.png","contentUrl":"https:\/\/studio.sammode.com\/wp-content\/uploads\/2021\/07\/cropped-Studeio-Sammode-logo.png","width":512,"height":512,"caption":"Sammode Studio"},"image":{"@id":"https:\/\/studio.sammode.com\/#\/schema\/logo\/image\/"}}]}},"_links":{"self":[{"href":"https:\/\/studio.sammode.com\/en\/wp-json\/wp\/v2\/pages\/185767","targetHints":{"allow":["GET"]}}],"collection":[{"href":"https:\/\/studio.sammode.com\/en\/wp-json\/wp\/v2\/pages"}],"about":[{"href":"https:\/\/studio.sammode.com\/en\/wp-json\/wp\/v2\/types\/page"}],"author":[{"embeddable":true,"href":"https:\/\/studio.sammode.com\/en\/wp-json\/wp\/v2\/users\/1"}],"replies":[{"embeddable":true,"href":"https:\/\/studio.sammode.com\/en\/wp-json\/wp\/v2\/comments?post=185767"}],"version-history":[{"count":2,"href":"https:\/\/studio.sammode.com\/en\/wp-json\/wp\/v2\/pages\/185767\/revisions"}],"predecessor-version":[{"id":185804,"href":"https:\/\/studio.sammode.com\/en\/wp-json\/wp\/v2\/pages\/185767\/revisions\/185804"}],"wp:attachment":[{"href":"https:\/\/studio.sammode.com\/en\/wp-json\/wp\/v2\/media?parent=185767"}],"curies":[{"name":"wp","href":"https:\/\/api.w.org\/{rel}","templated":true}]}}