{"id":173294,"date":"2025-01-08T02:00:10","date_gmt":"2025-01-08T02:00:10","guid":{"rendered":"https:\/\/studio.sammode.com\/product\/non class\u00e9\/produit-2\/"},"modified":"2026-04-16T19:23:24","modified_gmt":"2026-04-16T19:23:24","slug":"produit-2","status":"publish","type":"product","link":"https:\/\/studio.sammode.com\/en\/product\/accessoires\/produit-2\/","title":{"rendered":"Prise europ\u00e9enne IP44"},"content":{"rendered":"","protected":false},"excerpt":{"rendered":"<p>Prise europ\u00e9enne (type E\/F) \u00e9tanche IP44, \u00e0 monter en extr\u00e9mit\u00e9 du c\u00e2ble fourni sur tous nos luminaires Sammode Studio. Compatible avec une utilisation indoor, outdoor ou mixte.<\/p>\n","protected":false},"featured_media":0,"template":"","meta":{"_acf_changed":false},"product_brand":[],"product_cat":[924],"product_tag":[],"class_list":{"0":"post-173294","1":"product","2":"type-product","3":"status-publish","5":"product_cat-accessoires","7":"first","8":"instock","9":"shipping-taxable","10":"purchasable","11":"product-type-variable"},"acf":[],"yoast_head":"<!-- This site is optimized with the Yoast SEO plugin v26.4 - https:\/\/yoast.com\/wordpress\/plugins\/seo\/ -->\n<title>Prise europ\u00e9enne IP44 | Sammode Studio<\/title>\n<meta name=\"robots\" content=\"index, follow, max-snippet:-1, max-image-preview:large, max-video-preview:-1\" \/>\n<link rel=\"canonical\" href=\"https:\/\/studio.sammode.com\/produit\/non%20class\u00e9\/produit-2\/\" \/>\n<meta property=\"og:locale\" content=\"en_US\" \/>\n<meta property=\"og:type\" content=\"article\" \/>\n<meta property=\"og:title\" content=\"Prise europ\u00e9enne IP44 | Sammode Studio\" \/>\n<meta property=\"og:description\" content=\"Prise europ\u00e9enne (type E\/F) \u00e9tanche IP44, \u00e0 monter en extr\u00e9mit\u00e9 du c\u00e2ble fourni sur tous nos luminaires Sammode Studio. Compatible avec une utilisation indoor, outdoor ou mixte.\" \/>\n<meta property=\"og:url\" content=\"https:\/\/studio.sammode.com\/produit\/non class\u00e9\/produit-2\/\" \/>\n<meta property=\"og:site_name\" content=\"Sammode Studio\" \/>\n<meta property=\"article:modified_time\" content=\"2026-04-16T19:23:24+00:00\" \/>\n<meta property=\"og:image\" content=\"https:\/\/studio.sammode.com\/wp-content\/uploads\/2024\/06\/Design-sans-titre.jpg\" \/>\n\t<meta property=\"og:image:width\" content=\"1200\" \/>\n\t<meta property=\"og:image:height\" content=\"675\" \/>\n\t<meta property=\"og:image:type\" content=\"image\/jpeg\" \/>\n<meta name=\"twitter:card\" content=\"summary_large_image\" \/>\n<script type=\"application\/ld+json\" class=\"yoast-schema-graph\">{\"@context\":\"https:\/\/schema.org\",\"@graph\":[{\"@type\":\"Product\",\"@id\":\"https:\/\/studio.sammode.com\/produit\/non class\u00e9\/produit-2\/\",\"url\":\"https:\/\/studio.sammode.com\/produit\/non class\u00e9\/produit-2\/\",\"name\":\"Prise europ\u00e9enne IP44 | Sammode Studio\",\"isPartOf\":{\"@id\":\"https:\/\/studio.sammode.com\/#website\"},\"datePublished\":\"2025-01-08T02:00:10+00:00\",\"dateModified\":\"2026-04-16T19:23:24+00:00\",\"breadcrumb\":{\"@id\":\"https:\/\/studio.sammode.com\/produit\/non class\u00e9\/produit-2\/#breadcrumb\"},\"inLanguage\":\"en-US\",\"potentialAction\":[{\"@type\":\"ReadAction\",\"target\":[\"https:\/\/studio.sammode.com\/produit\/non class\u00e9\/produit-2\/\"]}]},{\"@type\":\"BreadcrumbList\",\"@id\":\"https:\/\/studio.sammode.com\/produit\/non class\u00e9\/produit-2\/#breadcrumb\",\"itemListElement\":[{\"@type\":\"ListItem\",\"position\":1,\"name\":\"Home\",\"item\":\"https:\/\/studio.sammode.com\/en\/\"},{\"@type\":\"ListItem\",\"position\":2,\"name\":\"Shop\",\"item\":\"https:\/\/studio.sammode.com\/en\/shop\/\"},{\"@type\":\"ListItem\",\"position\":3,\"name\":\"Prise europ\u00e9enne IP44\"}]},{\"@type\":\"WebSite\",\"@id\":\"https:\/\/studio.sammode.com\/#website\",\"url\":\"https:\/\/studio.sammode.com\/\",\"name\":\"Sammode Studio\",\"description\":\"Sammode Studio | E-Shop\",\"publisher\":{\"@id\":\"https:\/\/studio.sammode.com\/#organization\"},\"potentialAction\":[{\"@type\":\"SearchAction\",\"target\":{\"@type\":\"EntryPoint\",\"urlTemplate\":\"https:\/\/studio.sammode.com\/?s={search_term_string}\"},\"query-input\":{\"@type\":\"PropertyValueSpecification\",\"valueRequired\":true,\"valueName\":\"search_term_string\"}}],\"inLanguage\":\"en-US\"},{\"@type\":\"Organization\",\"@id\":\"https:\/\/studio.sammode.com\/#organization\",\"name\":\"Sammode Studio\",\"url\":\"https:\/\/studio.sammode.com\/\",\"logo\":{\"@type\":\"ImageObject\",\"inLanguage\":\"en-US\",\"@id\":\"https:\/\/studio.sammode.com\/#\/schema\/logo\/image\/\",\"url\":\"https:\/\/studio.sammode.com\/wp-content\/uploads\/2021\/07\/cropped-Studeio-Sammode-logo.png\",\"contentUrl\":\"https:\/\/studio.sammode.com\/wp-content\/uploads\/2021\/07\/cropped-Studeio-Sammode-logo.png\",\"width\":512,\"height\":512,\"caption\":\"Sammode Studio\"},\"image\":{\"@id\":\"https:\/\/studio.sammode.com\/#\/schema\/logo\/image\/\"}}]}<\/script>\n<!-- \/ Yoast SEO plugin. -->","yoast_head_json":{"title":"Prise europ\u00e9enne IP44 | Sammode Studio","robots":{"index":"index","follow":"follow","max-snippet":"max-snippet:-1","max-image-preview":"max-image-preview:large","max-video-preview":"max-video-preview:-1"},"canonical":"https:\/\/studio.sammode.com\/produit\/non class\u00e9\/produit-2\/","og_locale":"en_US","og_type":"article","og_title":"Prise europ\u00e9enne IP44 | Sammode Studio","og_description":"Prise europ\u00e9enne (type E\/F) \u00e9tanche IP44, \u00e0 monter en extr\u00e9mit\u00e9 du c\u00e2ble fourni sur tous nos luminaires Sammode Studio. Compatible avec une utilisation indoor, outdoor ou mixte.","og_url":"https:\/\/studio.sammode.com\/produit\/non class\u00e9\/produit-2\/","og_site_name":"Sammode Studio","article_modified_time":"2026-04-16T19:23:24+00:00","og_image":[{"width":1200,"height":675,"url":"https:\/\/studio.sammode.com\/wp-content\/uploads\/2024\/06\/Design-sans-titre.jpg","type":"image\/jpeg"}],"twitter_card":"summary_large_image","schema":{"@context":"https:\/\/schema.org","@graph":[{"@type":"Product","@id":"https:\/\/studio.sammode.com\/produit\/non class\u00e9\/produit-2\/","url":"https:\/\/studio.sammode.com\/produit\/non class\u00e9\/produit-2\/","name":"Prise europ\u00e9enne IP44 | Sammode Studio","isPartOf":{"@id":"https:\/\/studio.sammode.com\/#website"},"datePublished":"2025-01-08T02:00:10+00:00","dateModified":"2026-04-16T19:23:24+00:00","breadcrumb":{"@id":"https:\/\/studio.sammode.com\/produit\/non class\u00e9\/produit-2\/#breadcrumb"},"inLanguage":"en-US","potentialAction":[{"@type":"ReadAction","target":["https:\/\/studio.sammode.com\/produit\/non class\u00e9\/produit-2\/"]}]},{"@type":"BreadcrumbList","@id":"https:\/\/studio.sammode.com\/produit\/non class\u00e9\/produit-2\/#breadcrumb","itemListElement":[{"@type":"ListItem","position":1,"name":"Home","item":"https:\/\/studio.sammode.com\/en\/"},{"@type":"ListItem","position":2,"name":"Shop","item":"https:\/\/studio.sammode.com\/en\/shop\/"},{"@type":"ListItem","position":3,"name":"Prise europ\u00e9enne IP44"}]},{"@type":"WebSite","@id":"https:\/\/studio.sammode.com\/#website","url":"https:\/\/studio.sammode.com\/","name":"Sammode Studio","description":"Sammode Studio | E-Shop","publisher":{"@id":"https:\/\/studio.sammode.com\/#organization"},"potentialAction":[{"@type":"SearchAction","target":{"@type":"EntryPoint","urlTemplate":"https:\/\/studio.sammode.com\/?s={search_term_string}"},"query-input":{"@type":"PropertyValueSpecification","valueRequired":true,"valueName":"search_term_string"}}],"inLanguage":"en-US"},{"@type":"Organization","@id":"https:\/\/studio.sammode.com\/#organization","name":"Sammode Studio","url":"https:\/\/studio.sammode.com\/","logo":{"@type":"ImageObject","inLanguage":"en-US","@id":"https:\/\/studio.sammode.com\/#\/schema\/logo\/image\/","url":"https:\/\/studio.sammode.com\/wp-content\/uploads\/2021\/07\/cropped-Studeio-Sammode-logo.png","contentUrl":"https:\/\/studio.sammode.com\/wp-content\/uploads\/2021\/07\/cropped-Studeio-Sammode-logo.png","width":512,"height":512,"caption":"Sammode Studio"},"image":{"@id":"https:\/\/studio.sammode.com\/#\/schema\/logo\/image\/"}}]}},"_links":{"self":[{"href":"https:\/\/studio.sammode.com\/en\/wp-json\/wp\/v2\/product\/173294","targetHints":{"allow":["GET"]}}],"collection":[{"href":"https:\/\/studio.sammode.com\/en\/wp-json\/wp\/v2\/product"}],"about":[{"href":"https:\/\/studio.sammode.com\/en\/wp-json\/wp\/v2\/types\/product"}],"wp:attachment":[{"href":"https:\/\/studio.sammode.com\/en\/wp-json\/wp\/v2\/media?parent=173294"}],"wp:term":[{"taxonomy":"product_brand","embeddable":true,"href":"https:\/\/studio.sammode.com\/en\/wp-json\/wp\/v2\/product_brand?post=173294"},{"taxonomy":"product_cat","embeddable":true,"href":"https:\/\/studio.sammode.com\/en\/wp-json\/wp\/v2\/product_cat?post=173294"},{"taxonomy":"product_tag","embeddable":true,"href":"https:\/\/studio.sammode.com\/en\/wp-json\/wp\/v2\/product_tag?post=173294"}],"curies":[{"name":"wp","href":"https:\/\/api.w.org\/{rel}","templated":true}]}}