{"id":19504,"date":"2021-07-05T16:05:00","date_gmt":"2021-07-05T16:05:00","guid":{"rendered":"https:\/\/studio.sammode.com\/product\/uncategorized\/vendome-mini\/"},"modified":"2026-04-14T08:35:48","modified_gmt":"2026-04-14T08:35:48","slug":"vendome-mini","status":"publish","type":"product","link":"https:\/\/studio.sammode.com\/en\/product\/luminaires\/vendome-mini\/","title":{"rendered":"Vend\u00f4me Mini"},"content":{"rendered":"","protected":false},"excerpt":{"rendered":"<p>Smaller sister of the Vend\u00f4me suspended luminaire, the Vend\u00f4me Mini was conceived by the Normal Studio duo, in homage to the eponymous landmark locations in the City of Lights. Both indoors and out, this wall light will endow your spaces with its own particular setting. For a soft and warm ambience, choose the Vend\u00f4me and its brass motif, symbolising the thoroughfares of the famous Parisian square. &#8220;Paname&#8221;: a collection in homage to Paris, the City of Lights, courtesy of Normal Studio for Sammode. All our luminaires are manufactured, assembled and packaged at our Ch\u00e2tillon-sur-Sa\u00f4ne production plant in the Vosges region of France.<\/p>\n","protected":false},"featured_media":19504,"template":"","meta":{"_acf_changed":false},"product_brand":[],"product_cat":[922],"product_tag":[],"class_list":{"0":"post-19504","1":"product","2":"type-product","3":"status-publish","4":"has-post-thumbnail","6":"product_cat-luminaires","8":"first","9":"instock","10":"shipping-taxable","11":"purchasable","12":"product-type-variable","13":"has-default-attributes"},"acf":[],"yoast_head":"<!-- This site is optimized with the Yoast SEO plugin v26.4 - https:\/\/yoast.com\/wordpress\/plugins\/seo\/ -->\n<title>Vend\u00f4me Mini | Sammode Studio<\/title>\n<meta name=\"robots\" content=\"index, follow, max-snippet:-1, max-image-preview:large, max-video-preview:-1\" \/>\n<link rel=\"canonical\" href=\"https:\/\/studio.sammode.com\/en\/product\/luminaires\/vendome-mini\/\" \/>\n<meta property=\"og:locale\" content=\"en_US\" \/>\n<meta property=\"og:type\" content=\"article\" \/>\n<meta property=\"og:title\" content=\"Vend\u00f4me Mini | Sammode Studio\" \/>\n<meta property=\"og:description\" content=\"Smaller sister of the Vend\u00f4me suspended luminaire, the Vend\u00f4me Mini was conceived by the Normal Studio duo, in homage to the eponymous landmark locations in the City of Lights. Both indoors and out, this wall light will endow your spaces with its own particular setting. For a soft and warm ambience, choose the Vend\u00f4me and its brass motif, symbolising the thoroughfares of the famous Parisian square. &quot;Paname&quot;: a collection in homage to Paris, the City of Lights, courtesy of Normal Studio for Sammode. All our luminaires are manufactured, assembled and packaged at our Ch\u00e2tillon-sur-Sa\u00f4ne production plant in the Vosges region of France.\" \/>\n<meta property=\"og:url\" content=\"https:\/\/studio.sammode.com\/en\/product\/luminaires\/vendome-mini\/\" \/>\n<meta property=\"og:site_name\" content=\"Sammode Studio\" \/>\n<meta property=\"article:modified_time\" content=\"2026-04-14T08:35:48+00:00\" \/>\n<meta property=\"og:image\" content=\"https:\/\/studio.sammode.com\/wp-content\/uploads\/2024\/06\/Design-sans-titre.jpg\" \/>\n\t<meta property=\"og:image:width\" content=\"1200\" \/>\n\t<meta property=\"og:image:height\" content=\"675\" \/>\n\t<meta property=\"og:image:type\" content=\"image\/jpeg\" \/>\n<meta name=\"twitter:card\" content=\"summary_large_image\" \/>\n<script type=\"application\/ld+json\" class=\"yoast-schema-graph\">{\"@context\":\"https:\/\/schema.org\",\"@graph\":[{\"@type\":\"Product\",\"@id\":\"https:\/\/studio.sammode.com\/en\/product\/luminaires\/vendome-mini\/\",\"url\":\"https:\/\/studio.sammode.com\/en\/product\/luminaires\/vendome-mini\/\",\"name\":\"Vend\u00f4me Mini | Sammode Studio\",\"isPartOf\":{\"@id\":\"https:\/\/studio.sammode.com\/#website\"},\"primaryImageOfPage\":{\"@id\":\"https:\/\/studio.sammode.com\/en\/product\/luminaires\/vendome-mini\/#primaryimage\"},\"image\":{\"@id\":\"https:\/\/studio.sammode.com\/en\/product\/luminaires\/vendome-mini\/#primaryimage\"},\"thumbnailUrl\":\"https:\/\/sammode.cache.ephoto.fr\/link\/3c9igq\/qlq1aapd8r58m68.webp\",\"datePublished\":\"2021-07-05T16:05:00+00:00\",\"dateModified\":\"2026-04-14T08:35:48+00:00\",\"breadcrumb\":{\"@id\":\"https:\/\/studio.sammode.com\/en\/product\/luminaires\/vendome-mini\/#breadcrumb\"},\"inLanguage\":\"en-US\",\"potentialAction\":[{\"@type\":\"ReadAction\",\"target\":[\"https:\/\/studio.sammode.com\/en\/product\/luminaires\/vendome-mini\/\"]}]},{\"@type\":\"ImageObject\",\"inLanguage\":\"en-US\",\"@id\":\"https:\/\/studio.sammode.com\/en\/product\/luminaires\/vendome-mini\/#primaryimage\",\"url\":\"https:\/\/sammode.cache.ephoto.fr\/link\/3c9igq\/qlq1aapd8r58m68.webp\",\"contentUrl\":\"https:\/\/sammode.cache.ephoto.fr\/link\/3c9igq\/qlq1aapd8r58m68.webp\"},{\"@type\":\"BreadcrumbList\",\"@id\":\"https:\/\/studio.sammode.com\/en\/product\/luminaires\/vendome-mini\/#breadcrumb\",\"itemListElement\":[{\"@type\":\"ListItem\",\"position\":1,\"name\":\"Home\",\"item\":\"https:\/\/studio.sammode.com\/en\/\"},{\"@type\":\"ListItem\",\"position\":2,\"name\":\"Shop\",\"item\":\"https:\/\/studio.sammode.com\/en\/shop\/\"},{\"@type\":\"ListItem\",\"position\":3,\"name\":\"Vend\u00f4me Mini\"}]},{\"@type\":\"WebSite\",\"@id\":\"https:\/\/studio.sammode.com\/#website\",\"url\":\"https:\/\/studio.sammode.com\/\",\"name\":\"Sammode Studio\",\"description\":\"Sammode Studio | E-Shop\",\"publisher\":{\"@id\":\"https:\/\/studio.sammode.com\/#organization\"},\"potentialAction\":[{\"@type\":\"SearchAction\",\"target\":{\"@type\":\"EntryPoint\",\"urlTemplate\":\"https:\/\/studio.sammode.com\/?s={search_term_string}\"},\"query-input\":{\"@type\":\"PropertyValueSpecification\",\"valueRequired\":true,\"valueName\":\"search_term_string\"}}],\"inLanguage\":\"en-US\"},{\"@type\":\"Organization\",\"@id\":\"https:\/\/studio.sammode.com\/#organization\",\"name\":\"Sammode Studio\",\"url\":\"https:\/\/studio.sammode.com\/\",\"logo\":{\"@type\":\"ImageObject\",\"inLanguage\":\"en-US\",\"@id\":\"https:\/\/studio.sammode.com\/#\/schema\/logo\/image\/\",\"url\":\"https:\/\/studio.sammode.com\/wp-content\/uploads\/2021\/07\/cropped-Studeio-Sammode-logo.png\",\"contentUrl\":\"https:\/\/studio.sammode.com\/wp-content\/uploads\/2021\/07\/cropped-Studeio-Sammode-logo.png\",\"width\":512,\"height\":512,\"caption\":\"Sammode Studio\"},\"image\":{\"@id\":\"https:\/\/studio.sammode.com\/#\/schema\/logo\/image\/\"}}]}<\/script>\n<!-- \/ Yoast SEO plugin. -->","yoast_head_json":{"title":"Vend\u00f4me Mini | Sammode Studio","robots":{"index":"index","follow":"follow","max-snippet":"max-snippet:-1","max-image-preview":"max-image-preview:large","max-video-preview":"max-video-preview:-1"},"canonical":"https:\/\/studio.sammode.com\/en\/product\/luminaires\/vendome-mini\/","og_locale":"en_US","og_type":"article","og_title":"Vend\u00f4me Mini | Sammode Studio","og_description":"Smaller sister of the Vend\u00f4me suspended luminaire, the Vend\u00f4me Mini was conceived by the Normal Studio duo, in homage to the eponymous landmark locations in the City of Lights. Both indoors and out, this wall light will endow your spaces with its own particular setting. For a soft and warm ambience, choose the Vend\u00f4me and its brass motif, symbolising the thoroughfares of the famous Parisian square. \"Paname\": a collection in homage to Paris, the City of Lights, courtesy of Normal Studio for Sammode. All our luminaires are manufactured, assembled and packaged at our Ch\u00e2tillon-sur-Sa\u00f4ne production plant in the Vosges region of France.","og_url":"https:\/\/studio.sammode.com\/en\/product\/luminaires\/vendome-mini\/","og_site_name":"Sammode Studio","article_modified_time":"2026-04-14T08:35:48+00:00","og_image":[{"width":1200,"height":675,"url":"https:\/\/studio.sammode.com\/wp-content\/uploads\/2024\/06\/Design-sans-titre.jpg","type":"image\/jpeg"}],"twitter_card":"summary_large_image","schema":{"@context":"https:\/\/schema.org","@graph":[{"@type":"Product","@id":"https:\/\/studio.sammode.com\/en\/product\/luminaires\/vendome-mini\/","url":"https:\/\/studio.sammode.com\/en\/product\/luminaires\/vendome-mini\/","name":"Vend\u00f4me Mini | Sammode Studio","isPartOf":{"@id":"https:\/\/studio.sammode.com\/#website"},"primaryImageOfPage":{"@id":"https:\/\/studio.sammode.com\/en\/product\/luminaires\/vendome-mini\/#primaryimage"},"image":{"@id":"https:\/\/studio.sammode.com\/en\/product\/luminaires\/vendome-mini\/#primaryimage"},"thumbnailUrl":"https:\/\/sammode.cache.ephoto.fr\/link\/3c9igq\/qlq1aapd8r58m68.webp","datePublished":"2021-07-05T16:05:00+00:00","dateModified":"2026-04-14T08:35:48+00:00","breadcrumb":{"@id":"https:\/\/studio.sammode.com\/en\/product\/luminaires\/vendome-mini\/#breadcrumb"},"inLanguage":"en-US","potentialAction":[{"@type":"ReadAction","target":["https:\/\/studio.sammode.com\/en\/product\/luminaires\/vendome-mini\/"]}]},{"@type":"ImageObject","inLanguage":"en-US","@id":"https:\/\/studio.sammode.com\/en\/product\/luminaires\/vendome-mini\/#primaryimage","url":"https:\/\/sammode.cache.ephoto.fr\/link\/3c9igq\/qlq1aapd8r58m68.webp","contentUrl":"https:\/\/sammode.cache.ephoto.fr\/link\/3c9igq\/qlq1aapd8r58m68.webp"},{"@type":"BreadcrumbList","@id":"https:\/\/studio.sammode.com\/en\/product\/luminaires\/vendome-mini\/#breadcrumb","itemListElement":[{"@type":"ListItem","position":1,"name":"Home","item":"https:\/\/studio.sammode.com\/en\/"},{"@type":"ListItem","position":2,"name":"Shop","item":"https:\/\/studio.sammode.com\/en\/shop\/"},{"@type":"ListItem","position":3,"name":"Vend\u00f4me Mini"}]},{"@type":"WebSite","@id":"https:\/\/studio.sammode.com\/#website","url":"https:\/\/studio.sammode.com\/","name":"Sammode Studio","description":"Sammode Studio | E-Shop","publisher":{"@id":"https:\/\/studio.sammode.com\/#organization"},"potentialAction":[{"@type":"SearchAction","target":{"@type":"EntryPoint","urlTemplate":"https:\/\/studio.sammode.com\/?s={search_term_string}"},"query-input":{"@type":"PropertyValueSpecification","valueRequired":true,"valueName":"search_term_string"}}],"inLanguage":"en-US"},{"@type":"Organization","@id":"https:\/\/studio.sammode.com\/#organization","name":"Sammode Studio","url":"https:\/\/studio.sammode.com\/","logo":{"@type":"ImageObject","inLanguage":"en-US","@id":"https:\/\/studio.sammode.com\/#\/schema\/logo\/image\/","url":"https:\/\/studio.sammode.com\/wp-content\/uploads\/2021\/07\/cropped-Studeio-Sammode-logo.png","contentUrl":"https:\/\/studio.sammode.com\/wp-content\/uploads\/2021\/07\/cropped-Studeio-Sammode-logo.png","width":512,"height":512,"caption":"Sammode Studio"},"image":{"@id":"https:\/\/studio.sammode.com\/#\/schema\/logo\/image\/"}}]}},"_links":{"self":[{"href":"https:\/\/studio.sammode.com\/en\/wp-json\/wp\/v2\/product\/19504","targetHints":{"allow":["GET"]}}],"collection":[{"href":"https:\/\/studio.sammode.com\/en\/wp-json\/wp\/v2\/product"}],"about":[{"href":"https:\/\/studio.sammode.com\/en\/wp-json\/wp\/v2\/types\/product"}],"wp:featuredmedia":[{"embeddable":true,"href":"https:\/\/studio.sammode.com\/en\/wp-json\/wp\/v2\/product\/19504"}],"wp:attachment":[{"href":"https:\/\/studio.sammode.com\/en\/wp-json\/wp\/v2\/media?parent=19504"}],"wp:term":[{"taxonomy":"product_brand","embeddable":true,"href":"https:\/\/studio.sammode.com\/en\/wp-json\/wp\/v2\/product_brand?post=19504"},{"taxonomy":"product_cat","embeddable":true,"href":"https:\/\/studio.sammode.com\/en\/wp-json\/wp\/v2\/product_cat?post=19504"},{"taxonomy":"product_tag","embeddable":true,"href":"https:\/\/studio.sammode.com\/en\/wp-json\/wp\/v2\/product_tag?post=19504"}],"curies":[{"name":"wp","href":"https:\/\/api.w.org\/{rel}","templated":true}]}}