{"id":19514,"date":"2021-07-05T16:05:00","date_gmt":"2021-07-05T16:05:00","guid":{"rendered":"https:\/\/studio.sammode.com\/product\/uncategorized\/rivoli\/"},"modified":"2026-04-14T04:36:37","modified_gmt":"2026-04-14T04:36:37","slug":"rivoli","status":"publish","type":"product","link":"https:\/\/studio.sammode.com\/en\/product\/luminaires\/rivoli\/","title":{"rendered":"Rivoli"},"content":{"rendered":"","protected":false},"excerpt":{"rendered":"<p>Specially designed for the Mus\u00e9e des Arts D\u00e9coratifs in Paris, where it now lights the museum\u2019s contemporary art galleries, this long LED spans a very broad range of multiple applications. Its diameter \u2013 the smallest in the Paname collection \u2013 is perfect for indoor and outdoor wall-mounting, as well as ceiling mounting. Finished totally in black \u2013 grid, end caps and strap fixings \u2013 this special edition offers an infinite number of possibilities for enhancing your working and living spaces, whether turned on or turned off. With this unique luminaire, Sammode offers you the opportunity to introduce a slice of real history into your environment: the history of the famous Mus\u00e9e des Arts D\u00e9coratifs in Paris.<br \/>\nThis luminaire is supplied ready to install, fully equipped with its cable, light source and wall outlet. All our luminaires are manufactured, assembled and packaged at our Ch\u00e2tillon-sur-Sa\u00f4ne production plant in the Vosges region of France.<\/p>\n<p>Luminaire designed and produced for the Mus\u00e9e des Arts D\u00e9coratifs in Paris. Design: Normal Studio.<\/p>\n","protected":false},"featured_media":19514,"template":"","meta":{"_acf_changed":false},"product_brand":[],"product_cat":[922],"product_tag":[],"class_list":{"0":"post-19514","1":"product","2":"type-product","3":"status-publish","4":"has-post-thumbnail","6":"product_cat-luminaires","8":"first","9":"instock","10":"shipping-taxable","11":"purchasable","12":"product-type-variable","13":"has-default-attributes"},"acf":[],"yoast_head":"<!-- This site is optimized with the Yoast SEO plugin v26.4 - https:\/\/yoast.com\/wordpress\/plugins\/seo\/ -->\n<title>Rivoli | Sammode Studio<\/title>\n<meta name=\"robots\" content=\"index, follow, max-snippet:-1, max-image-preview:large, max-video-preview:-1\" \/>\n<link rel=\"canonical\" href=\"https:\/\/studio.sammode.com\/en\/product\/luminaires\/rivoli\/\" \/>\n<meta property=\"og:locale\" content=\"en_US\" \/>\n<meta property=\"og:type\" content=\"article\" \/>\n<meta property=\"og:title\" content=\"Rivoli | Sammode Studio\" \/>\n<meta property=\"og:description\" content=\"Specially designed for the Mus\u00e9e des Arts D\u00e9coratifs in Paris, where it now lights the museum\u2019s contemporary art galleries, this long LED spans a very broad range of multiple applications. Its diameter \u2013 the smallest in the Paname collection \u2013 is perfect for indoor and outdoor wall-mounting, as well as ceiling mounting. Finished totally in black \u2013 grid, end caps and strap fixings \u2013 this special edition offers an infinite number of possibilities for enhancing your working and living spaces, whether turned on or turned off. With this unique luminaire, Sammode offers you the opportunity to introduce a slice of real history into your environment: the history of the famous Mus\u00e9e des Arts D\u00e9coratifs in Paris. This luminaire is supplied ready to install, fully equipped with its cable, light source and wall outlet. All our luminaires are manufactured, assembled and packaged at our Ch\u00e2tillon-sur-Sa\u00f4ne production plant in the Vosges region of France.  Luminaire designed and produced for the Mus\u00e9e des Arts D\u00e9coratifs in Paris. Design: Normal Studio.\" \/>\n<meta property=\"og:url\" content=\"https:\/\/studio.sammode.com\/en\/product\/luminaires\/rivoli\/\" \/>\n<meta property=\"og:site_name\" content=\"Sammode Studio\" \/>\n<meta property=\"article:modified_time\" content=\"2026-04-14T04:36:37+00:00\" \/>\n<meta property=\"og:image\" content=\"https:\/\/studio.sammode.com\/wp-content\/uploads\/2024\/06\/Design-sans-titre.jpg\" \/>\n\t<meta property=\"og:image:width\" content=\"1200\" \/>\n\t<meta property=\"og:image:height\" content=\"675\" \/>\n\t<meta property=\"og:image:type\" content=\"image\/jpeg\" \/>\n<meta name=\"twitter:card\" content=\"summary_large_image\" \/>\n<script type=\"application\/ld+json\" class=\"yoast-schema-graph\">{\"@context\":\"https:\/\/schema.org\",\"@graph\":[{\"@type\":\"Product\",\"@id\":\"https:\/\/studio.sammode.com\/en\/product\/luminaires\/rivoli\/\",\"url\":\"https:\/\/studio.sammode.com\/en\/product\/luminaires\/rivoli\/\",\"name\":\"Rivoli | Sammode Studio\",\"isPartOf\":{\"@id\":\"https:\/\/studio.sammode.com\/#website\"},\"primaryImageOfPage\":{\"@id\":\"https:\/\/studio.sammode.com\/en\/product\/luminaires\/rivoli\/#primaryimage\"},\"image\":{\"@id\":\"https:\/\/studio.sammode.com\/en\/product\/luminaires\/rivoli\/#primaryimage\"},\"thumbnailUrl\":\"https:\/\/sammode.cache.ephoto.fr\/link\/3c9igq\/ejm1aapd8by9gio.webp\",\"datePublished\":\"2021-07-05T16:05:00+00:00\",\"dateModified\":\"2026-04-14T04:36:37+00:00\",\"breadcrumb\":{\"@id\":\"https:\/\/studio.sammode.com\/en\/product\/luminaires\/rivoli\/#breadcrumb\"},\"inLanguage\":\"en-US\",\"potentialAction\":[{\"@type\":\"ReadAction\",\"target\":[\"https:\/\/studio.sammode.com\/en\/product\/luminaires\/rivoli\/\"]}]},{\"@type\":\"ImageObject\",\"inLanguage\":\"en-US\",\"@id\":\"https:\/\/studio.sammode.com\/en\/product\/luminaires\/rivoli\/#primaryimage\",\"url\":\"https:\/\/sammode.cache.ephoto.fr\/link\/3c9igq\/ejm1aapd8by9gio.webp\",\"contentUrl\":\"https:\/\/sammode.cache.ephoto.fr\/link\/3c9igq\/ejm1aapd8by9gio.webp\"},{\"@type\":\"BreadcrumbList\",\"@id\":\"https:\/\/studio.sammode.com\/en\/product\/luminaires\/rivoli\/#breadcrumb\",\"itemListElement\":[{\"@type\":\"ListItem\",\"position\":1,\"name\":\"Home\",\"item\":\"https:\/\/studio.sammode.com\/en\/\"},{\"@type\":\"ListItem\",\"position\":2,\"name\":\"Shop\",\"item\":\"https:\/\/studio.sammode.com\/en\/shop\/\"},{\"@type\":\"ListItem\",\"position\":3,\"name\":\"Rivoli\"}]},{\"@type\":\"WebSite\",\"@id\":\"https:\/\/studio.sammode.com\/#website\",\"url\":\"https:\/\/studio.sammode.com\/\",\"name\":\"Sammode Studio\",\"description\":\"Sammode Studio | E-Shop\",\"publisher\":{\"@id\":\"https:\/\/studio.sammode.com\/#organization\"},\"potentialAction\":[{\"@type\":\"SearchAction\",\"target\":{\"@type\":\"EntryPoint\",\"urlTemplate\":\"https:\/\/studio.sammode.com\/?s={search_term_string}\"},\"query-input\":{\"@type\":\"PropertyValueSpecification\",\"valueRequired\":true,\"valueName\":\"search_term_string\"}}],\"inLanguage\":\"en-US\"},{\"@type\":\"Organization\",\"@id\":\"https:\/\/studio.sammode.com\/#organization\",\"name\":\"Sammode Studio\",\"url\":\"https:\/\/studio.sammode.com\/\",\"logo\":{\"@type\":\"ImageObject\",\"inLanguage\":\"en-US\",\"@id\":\"https:\/\/studio.sammode.com\/#\/schema\/logo\/image\/\",\"url\":\"https:\/\/studio.sammode.com\/wp-content\/uploads\/2021\/07\/cropped-Studeio-Sammode-logo.png\",\"contentUrl\":\"https:\/\/studio.sammode.com\/wp-content\/uploads\/2021\/07\/cropped-Studeio-Sammode-logo.png\",\"width\":512,\"height\":512,\"caption\":\"Sammode Studio\"},\"image\":{\"@id\":\"https:\/\/studio.sammode.com\/#\/schema\/logo\/image\/\"}}]}<\/script>\n<!-- \/ Yoast SEO plugin. -->","yoast_head_json":{"title":"Rivoli | Sammode Studio","robots":{"index":"index","follow":"follow","max-snippet":"max-snippet:-1","max-image-preview":"max-image-preview:large","max-video-preview":"max-video-preview:-1"},"canonical":"https:\/\/studio.sammode.com\/en\/product\/luminaires\/rivoli\/","og_locale":"en_US","og_type":"article","og_title":"Rivoli | Sammode Studio","og_description":"Specially designed for the Mus\u00e9e des Arts D\u00e9coratifs in Paris, where it now lights the museum\u2019s contemporary art galleries, this long LED spans a very broad range of multiple applications. Its diameter \u2013 the smallest in the Paname collection \u2013 is perfect for indoor and outdoor wall-mounting, as well as ceiling mounting. Finished totally in black \u2013 grid, end caps and strap fixings \u2013 this special edition offers an infinite number of possibilities for enhancing your working and living spaces, whether turned on or turned off. With this unique luminaire, Sammode offers you the opportunity to introduce a slice of real history into your environment: the history of the famous Mus\u00e9e des Arts D\u00e9coratifs in Paris. This luminaire is supplied ready to install, fully equipped with its cable, light source and wall outlet. All our luminaires are manufactured, assembled and packaged at our Ch\u00e2tillon-sur-Sa\u00f4ne production plant in the Vosges region of France.  Luminaire designed and produced for the Mus\u00e9e des Arts D\u00e9coratifs in Paris. Design: Normal Studio.","og_url":"https:\/\/studio.sammode.com\/en\/product\/luminaires\/rivoli\/","og_site_name":"Sammode Studio","article_modified_time":"2026-04-14T04:36:37+00:00","og_image":[{"width":1200,"height":675,"url":"https:\/\/studio.sammode.com\/wp-content\/uploads\/2024\/06\/Design-sans-titre.jpg","type":"image\/jpeg"}],"twitter_card":"summary_large_image","schema":{"@context":"https:\/\/schema.org","@graph":[{"@type":"Product","@id":"https:\/\/studio.sammode.com\/en\/product\/luminaires\/rivoli\/","url":"https:\/\/studio.sammode.com\/en\/product\/luminaires\/rivoli\/","name":"Rivoli | Sammode Studio","isPartOf":{"@id":"https:\/\/studio.sammode.com\/#website"},"primaryImageOfPage":{"@id":"https:\/\/studio.sammode.com\/en\/product\/luminaires\/rivoli\/#primaryimage"},"image":{"@id":"https:\/\/studio.sammode.com\/en\/product\/luminaires\/rivoli\/#primaryimage"},"thumbnailUrl":"https:\/\/sammode.cache.ephoto.fr\/link\/3c9igq\/ejm1aapd8by9gio.webp","datePublished":"2021-07-05T16:05:00+00:00","dateModified":"2026-04-14T04:36:37+00:00","breadcrumb":{"@id":"https:\/\/studio.sammode.com\/en\/product\/luminaires\/rivoli\/#breadcrumb"},"inLanguage":"en-US","potentialAction":[{"@type":"ReadAction","target":["https:\/\/studio.sammode.com\/en\/product\/luminaires\/rivoli\/"]}]},{"@type":"ImageObject","inLanguage":"en-US","@id":"https:\/\/studio.sammode.com\/en\/product\/luminaires\/rivoli\/#primaryimage","url":"https:\/\/sammode.cache.ephoto.fr\/link\/3c9igq\/ejm1aapd8by9gio.webp","contentUrl":"https:\/\/sammode.cache.ephoto.fr\/link\/3c9igq\/ejm1aapd8by9gio.webp"},{"@type":"BreadcrumbList","@id":"https:\/\/studio.sammode.com\/en\/product\/luminaires\/rivoli\/#breadcrumb","itemListElement":[{"@type":"ListItem","position":1,"name":"Home","item":"https:\/\/studio.sammode.com\/en\/"},{"@type":"ListItem","position":2,"name":"Shop","item":"https:\/\/studio.sammode.com\/en\/shop\/"},{"@type":"ListItem","position":3,"name":"Rivoli"}]},{"@type":"WebSite","@id":"https:\/\/studio.sammode.com\/#website","url":"https:\/\/studio.sammode.com\/","name":"Sammode Studio","description":"Sammode Studio | E-Shop","publisher":{"@id":"https:\/\/studio.sammode.com\/#organization"},"potentialAction":[{"@type":"SearchAction","target":{"@type":"EntryPoint","urlTemplate":"https:\/\/studio.sammode.com\/?s={search_term_string}"},"query-input":{"@type":"PropertyValueSpecification","valueRequired":true,"valueName":"search_term_string"}}],"inLanguage":"en-US"},{"@type":"Organization","@id":"https:\/\/studio.sammode.com\/#organization","name":"Sammode Studio","url":"https:\/\/studio.sammode.com\/","logo":{"@type":"ImageObject","inLanguage":"en-US","@id":"https:\/\/studio.sammode.com\/#\/schema\/logo\/image\/","url":"https:\/\/studio.sammode.com\/wp-content\/uploads\/2021\/07\/cropped-Studeio-Sammode-logo.png","contentUrl":"https:\/\/studio.sammode.com\/wp-content\/uploads\/2021\/07\/cropped-Studeio-Sammode-logo.png","width":512,"height":512,"caption":"Sammode Studio"},"image":{"@id":"https:\/\/studio.sammode.com\/#\/schema\/logo\/image\/"}}]}},"_links":{"self":[{"href":"https:\/\/studio.sammode.com\/en\/wp-json\/wp\/v2\/product\/19514","targetHints":{"allow":["GET"]}}],"collection":[{"href":"https:\/\/studio.sammode.com\/en\/wp-json\/wp\/v2\/product"}],"about":[{"href":"https:\/\/studio.sammode.com\/en\/wp-json\/wp\/v2\/types\/product"}],"wp:featuredmedia":[{"embeddable":true,"href":"https:\/\/studio.sammode.com\/en\/wp-json\/wp\/v2\/product\/19514"}],"wp:attachment":[{"href":"https:\/\/studio.sammode.com\/en\/wp-json\/wp\/v2\/media?parent=19514"}],"wp:term":[{"taxonomy":"product_brand","embeddable":true,"href":"https:\/\/studio.sammode.com\/en\/wp-json\/wp\/v2\/product_brand?post=19514"},{"taxonomy":"product_cat","embeddable":true,"href":"https:\/\/studio.sammode.com\/en\/wp-json\/wp\/v2\/product_cat?post=19514"},{"taxonomy":"product_tag","embeddable":true,"href":"https:\/\/studio.sammode.com\/en\/wp-json\/wp\/v2\/product_tag?post=19514"}],"curies":[{"name":"wp","href":"https:\/\/api.w.org\/{rel}","templated":true}]}}